{"id":1001,"date":"2024-03-02T06:30:55","date_gmt":"2024-03-02T06:30:55","guid":{"rendered":"https:\/\/izmirkadinhastaliklari.com\/?page_id=1001"},"modified":"2024-11-14T18:38:30","modified_gmt":"2024-11-14T18:38:30","slug":"iletisim","status":"publish","type":"page","link":"https:\/\/izmirkadinhastaliklari.com\/ar\/iletisim\/","title":{"rendered":"\u062a\u0648\u0627\u0635\u0644"},"content":{"rendered":"<div class=\"wpb-content-wrapper\"><p>[vc_row][vc_column width=&#8221;1\/2&#8243;][vc_text_separator title=&#8221;\u0645\u0639\u0644\u0648\u0645\u0627\u062a \u0627\u0644\u0627\u062a\u0635\u0627\u0644 \u0644\u062f\u064a\u0646\u0627&#8221; color=&#8221;black&#8221;][vc_empty_space height=&#8221;10&#8243;][vc_column_text]<span style=\"color: #000000;\"><strong>\u00a0<\/strong><\/span><span class=\"text-body\"><span style=\"color: #000000;\">1847\/7. Sokak No: 2 D: 2 Yeni Girne, \u0130zmir <strong>\u0639\u0646\u0648\u0627\u0646:<\/strong><\/span><br \/>\n<\/span><span style=\"color: #000000;\">\u00a00 532 614 33 34<strong> :\u0627\u0644\u0647\u0627\u062a\u0641:<\/strong><\/span><br \/>\n<span style=\"color: #000000;\"><strong>\u00a0<\/strong><a href=\"mailto:banusagsoz@hotmail.com\">banusagsoz@hotmail.com<\/a> :<strong>\u0628\u0631\u064a\u062f \u0625\u0644\u0643\u062a\u0631\u0648\u0646\u064a:<\/strong><\/span>[\/vc_column_text][vc_empty_space height=&#8221;10&#8243;][vc_empty_space height=&#8221;10&#8243;][vc_single_image image=&#8221;1445&#8243; img_size=&#8221;250*109*&#8221; alignment=&#8221;right&#8221; onclick=&#8221;custom_link&#8221; img_link_target=&#8221;_blank&#8221; link=&#8221;https:\/\/maps.app.goo.gl\/8yu9X8fXx5FV8vF4A&#8221;][\/vc_column][vc_column width=&#8221;1\/2&#8243;][vc_text_separator title=&#8221;\u0627\u062a\u062c\u0627\u0647\u0627\u062a \u0627\u0644\u0639\u0646\u0648\u0627\u0646&#8221; color=&#8221;black&#8221;][vc_gmaps link=&#8221;#E-8_JTNDaWZyYW1lJTIwc3JjJTNEJTIyaHR0cHMlM0ElMkYlMkZ3d3cuZ29vZ2xlLmNvbSUyRm1hcHMlMkZlbWJlZCUzRnBiJTNEJTIxMW0xOCUyMTFtMTIlMjExbTMlMjExZDMxMjMuNTY2NzA0NjU0ODU4OCUyMTJkMjcuMTEyMzg3NTc3MTY3Nzk0JTIxM2QzOC40NzQ1NjM0NzE1NDA1MSUyMTJtMyUyMTFmMCUyMTJmMCUyMTNmMCUyMTNtMiUyMTFpMTAyNCUyMTJpNzY4JTIxNGYxMy4xJTIxM20zJTIxMW0yJTIxMXMweDE0YmJkOWQ3ZjVlYmRkMDMlMjUzQTB4NGE1OGY0NWI0YzIxZDQxMCUyMTJ6eExCNmJXbHlJRXRoWk1TeGJpQkViOFNmZFcwZ1ZYcHRZVzdFc1NCOElFOVFMaUJFVWk0Z1FrRk9WU0JUUWNTZVU4T1dXaUI4SUV2RG5GSlVRVW9nZkNCTFNWcE1TVXNnV2tGU1NTQjhJRXRKVTBsU1RFbExJRlpGSUZURG5GQWdRa1ZDUlVzZ2ZDREVzRnBOeExCU0lFZEZUc1N3VkVGTUlFVlRWRVZVeExCTCUyMTVlMCUyMTNtMiUyMTFzdHIlMjEyc3RyJTIxNHYxNzI2ODY3NzkzNTg0JTIxNW0yJTIxMXN0ciUyMTJzdHIlMjIlMjB3aWR0aCUzRCUyMjYwMCUyMiUyMGhlaWdodCUzRCUyMjQ1MCUyMiUyMHN0eWxlJTNEJTIyYm9yZGVyJTNBMCUzQiUyMiUyMGFsbG93ZnVsbHNjcmVlbiUzRCUyMiUyMiUyMGxvYWRpbmclM0QlMjJsYXp5JTIyJTIwcmVmZXJyZXJwb2xpY3klM0QlMjJuby1yZWZlcnJlci13aGVuLWRvd25ncmFkZSUyMiUzRSUzQyUyRmlmcmFtZSUzRQ==&#8221;][vc_empty_space height=&#8221;10&#8243;][\/vc_column][\/vc_row]<\/p>\n<\/div>","protected":false},"excerpt":{"rendered":"<p>[vc_row][vc_column width=&#8221;1\/2&#8243;][vc_text_separator title=&#8221;\u0645\u0639\u0644\u0648\u0645\u0627\u062a \u0627\u0644\u0627\u062a\u0635\u0627\u0644 \u0644\u062f\u064a\u0646\u0627&#8221; color=&#8221;black&#8221;][vc_empty_space height=&#8221;10&#8243;][vc_column_text]\u00a01847\/7. Sokak No: 2 D: 2 Yeni Girne, \u0130zmir \u0639\u0646\u0648\u0627\u0646: \u00a00 532 614 33 34 :\u0627\u0644\u0647\u0627\u062a\u0641: \u00a0banusagsoz@hotmail.com :\u0628\u0631\u064a\u062f \u0625\u0644\u0643\u062a\u0631\u0648\u0646\u064a:[\/vc_column_text][vc_empty_space height=&#8221;10&#8243;][vc_empty_space height=&#8221;10&#8243;][vc_single_image image=&#8221;1445&#8243; img_size=&#8221;250*109*&#8221; alignment=&#8221;right&#8221; onclick=&#8221;custom_link&#8221; img_link_target=&#8221;_blank&#8221; link=&#8221;https:\/\/maps.app.goo.gl\/8yu9X8fXx5FV8vF4A&#8221;][\/vc_column][vc_column width=&#8221;1\/2&#8243;][vc_text_separator title=&#8221;\u0627\u062a\u062c\u0627\u0647\u0627\u062a \u0627\u0644\u0639\u0646\u0648\u0627\u0646&#8221; color=&#8221;black&#8221;][vc_gmaps link=&#8221;#E-8_JTNDaWZyYW1lJTIwc3JjJTNEJTIyaHR0cHMlM0ElMkYlMkZ3d3cuZ29vZ2xlLmNvbSUyRm1hcHMlMkZlbWJlZCUzRnBiJTNEJTIxMW0xOCUyMTFtMTIlMjExbTMlMjExZDMxMjMuNTY2NzA0NjU0ODU4OCUyMTJkMjcuMTEyMzg3NTc3MTY3Nzk0JTIxM2QzOC40NzQ1NjM0NzE1NDA1MSUyMTJtMyUyMTFmMCUyMTJmMCUyMTNmMCUyMTNtMiUyMTFpMTAyNCUyMTJpNzY4JTIxNGYxMy4xJTIxM20zJTIxMW0yJTIxMXMweDE0YmJkOWQ3ZjVlYmRkMDMlMjUzQTB4NGE1OGY0NWI0YzIxZDQxMCUyMTJ6eExCNmJXbHlJRXRoWk1TeGJpQkViOFNmZFcwZ1ZYcHRZVzdFc1NCOElFOVFMaUJFVWk0Z1FrRk9WU0JUUWNTZVU4T1dXaUI4SUV2RG5GSlVRVW9nZkNCTFNWcE1TVXNnV2tGU1NTQjhJRXRKVTBsU1RFbExJRlpGSUZURG5GQWdRa1ZDUlVzZ2ZDREVzRnBOeExCU0lFZEZUc1N3VkVGTUlFVlRWRVZVeExCTCUyMTVlMCUyMTNtMiUyMTFzdHIlMjEyc3RyJTIxNHYxNzI2ODY3NzkzNTg0JTIxNW0yJTIxMXN0ciUyMTJzdHIlMjIlMjB3aWR0aCUzRCUyMjYwMCUyMiUyMGhlaWdodCUzRCUyMjQ1MCUyMiUyMHN0eWxlJTNEJTIyYm9yZGVyJTNBMCUzQiUyMiUyMGFsbG93ZnVsbHNjcmVlbiUzRCUyMiUyMiUyMGxvYWRpbmclM0QlMjJsYXp5JTIyJTIwcmVmZXJyZXJwb2xpY3klM0QlMjJuby1yZWZlcnJlci13aGVuLWRvd25ncmFkZSUyMiUzRSUzQyUyRmlmcmFtZSUzRQ==&#8221;][vc_empty_space height=&#8221;10&#8243;][\/vc_column][\/vc_row]<\/p>\n","protected":false},"author":1,"featured_media":0,"parent":0,"menu_order":0,"comment_status":"closed","ping_status":"closed","template":"","meta":{"footnotes":""},"class_list":["post-1001","page","type-page","status-publish","hentry"],"yoast_head":"<!-- This site is optimized with the Yoast SEO plugin v23.6 - https:\/\/yoast.com\/wordpress\/plugins\/seo\/ -->\n<title>\u062a\u0648\u0627\u0635\u0644 - \u0130zmir Kad\u0131n Hastal\u0131klar\u0131 | Op. Dr. Banu Sa\u011f\u00f6z<\/title>\n<meta name=\"robots\" content=\"index, follow, max-snippet:-1, max-image-preview:large, max-video-preview:-1\" \/>\n<link rel=\"canonical\" href=\"https:\/\/izmirkadinhastaliklari.com\/ar\/iletisim\/\" \/>\n<meta property=\"og:locale\" content=\"ar_AR\" \/>\n<meta property=\"og:locale:alternate\" content=\"tr_TR\" \/>\n<meta property=\"og:locale:alternate\" content=\"en_US\" \/>\n<meta property=\"og:locale:alternate\" content=\"ru-RU\" \/>\n<meta property=\"og:type\" content=\"article\" \/>\n<meta property=\"og:title\" content=\"\u062a\u0648\u0627\u0635\u0644\" \/>\n<meta property=\"og:description\" content=\"[vc_row][vc_column width=&#8221;1\/2&#8243;][vc_text_separator title=&#8221;\u0645\u0639\u0644\u0648\u0645\u0627\u062a \u0627\u0644\u0627\u062a\u0635\u0627\u0644 \u0644\u062f\u064a\u0646\u0627&#8221; color=&#8221;black&#8221;][vc_empty_space height=&#8221;10&#8243;][vc_column_text]\u00a01847\/7. Sokak No: 2 D: 2 Yeni Girne, \u0130zmir \u0639\u0646\u0648\u0627\u0646: \u00a00 532 614 33 34 :\u0627\u0644\u0647\u0627\u062a\u0641: \u00a0banusagsoz@hotmail.com :\u0628\u0631\u064a\u062f \u0625\u0644\u0643\u062a\u0631\u0648\u0646\u064a:[\/vc_column_text][vc_empty_space height=&#8221;10&#8243;][vc_empty_space height=&#8221;10&#8243;][vc_single_image image=&#8221;1445&#8243; img_size=&#8221;250*109*&#8221; alignment=&#8221;right&#8221; onclick=&#8221;custom_link&#8221; img_link_target=&#8221;_blank&#8221; link=&#8221;https:\/\/maps.app.goo.gl\/8yu9X8fXx5FV8vF4A&#8221;][\/vc_column][vc_column width=&#8221;1\/2&#8243;][vc_text_separator title=&#8221;\u0627\u062a\u062c\u0627\u0647\u0627\u062a \u0627\u0644\u0639\u0646\u0648\u0627\u0646&#8221; color=&#8221;black&#8221;][vc_gmaps link=&#8221;#E-8_JTNDaWZyYW1lJTIwc3JjJTNEJTIyaHR0cHMlM0ElMkYlMkZ3d3cuZ29vZ2xlLmNvbSUyRm1hcHMlMkZlbWJlZCUzRnBiJTNEJTIxMW0xOCUyMTFtMTIlMjExbTMlMjExZDMxMjMuNTY2NzA0NjU0ODU4OCUyMTJkMjcuMTEyMzg3NTc3MTY3Nzk0JTIxM2QzOC40NzQ1NjM0NzE1NDA1MSUyMTJtMyUyMTFmMCUyMTJmMCUyMTNmMCUyMTNtMiUyMTFpMTAyNCUyMTJpNzY4JTIxNGYxMy4xJTIxM20zJTIxMW0yJTIxMXMweDE0YmJkOWQ3ZjVlYmRkMDMlMjUzQTB4NGE1OGY0NWI0YzIxZDQxMCUyMTJ6eExCNmJXbHlJRXRoWk1TeGJpQkViOFNmZFcwZ1ZYcHRZVzdFc1NCOElFOVFMaUJFVWk0Z1FrRk9WU0JUUWNTZVU4T1dXaUI4SUV2RG5GSlVRVW9nZkNCTFNWcE1TVXNnV2tGU1NTQjhJRXRKVTBsU1RFbExJRlpGSUZURG5GQWdRa1ZDUlVzZ2ZDREVzRnBOeExCU0lFZEZUc1N3VkVGTUlFVlRWRVZVeExCTCUyMTVlMCUyMTNtMiUyMTFzdHIlMjEyc3RyJTIxNHYxNzI2ODY3NzkzNTg0JTIxNW0yJTIxMXN0ciUyMTJzdHIlMjIlMjB3aWR0aCUzRCUyMjYwMCUyMiUyMGhlaWdodCUzRCUyMjQ1MCUyMiUyMHN0eWxlJTNEJTIyYm9yZGVyJTNBMCUzQiUyMiUyMGFsbG93ZnVsbHNjcmVlbiUzRCUyMiUyMiUyMGxvYWRpbmclM0QlMjJsYXp5JTIyJTIwcmVmZXJyZXJwb2xpY3klM0QlMjJuby1yZWZlcnJlci13aGVuLWRvd25ncmFkZSUyMiUzRSUzQyUyRmlmcmFtZSUzRQ==&#8221;][vc_empty_space height=&#8221;10&#8243;][\/vc_column][\/vc_row]\" \/>\n<meta property=\"og:url\" content=\"https:\/\/izmirkadinhastaliklari.com\/ar\/iletisim\/\" \/>\n<meta property=\"og:site_name\" content=\"\u0130zmir Kad\u0131n Hastal\u0131klar\u0131 | Op. Dr. Banu Sa\u011f\u00f6z\" \/>\n<meta property=\"article:modified_time\" content=\"2024-11-14T18:38:30+00:00\" \/>\n<meta name=\"twitter:card\" content=\"summary_large_image\" \/>\n<meta name=\"twitter:label1\" content=\"\u0648\u0642\u062a \u0627\u0644\u0642\u0631\u0627\u0621\u0629 \u0627\u0644\u0645\u064f\u0642\u062f\u0651\u0631\" \/>\n\t<meta name=\"twitter:data1\" content=\"\u062f\u0642\u064a\u0642\u0629 \u0648\u0627\u062d\u062f\u0629\" \/>\n<script type=\"application\/ld+json\" class=\"yoast-schema-graph\">{\"@context\":\"https:\/\/schema.org\",\"@graph\":[{\"@type\":\"WebPage\",\"@id\":\"https:\/\/izmirkadinhastaliklari.com\/ru\/iletisim\/\",\"url\":\"https:\/\/izmirkadinhastaliklari.com\/ru\/iletisim\/\",\"name\":\"\u062a\u0648\u0627\u0635\u0644\",\"isPartOf\":{\"@id\":\"https:\/\/izmirkadinhastaliklari.com\/#website\"},\"datePublished\":\"2024-03-02T06:30:55+00:00\",\"dateModified\":\"2024-11-14T18:38:30+00:00\",\"breadcrumb\":{\"@id\":\"https:\/\/izmirkadinhastaliklari.com\/ru\/iletisim\/#breadcrumb\"},\"inLanguage\":\"ar\",\"potentialAction\":[{\"@type\":\"ReadAction\",\"target\":[\"https:\/\/izmirkadinhastaliklari.com\/ru\/iletisim\/\"]}]},{\"@type\":\"BreadcrumbList\",\"@id\":\"https:\/\/izmirkadinhastaliklari.com\/ru\/iletisim\/#breadcrumb\",\"itemListElement\":[{\"@type\":\"ListItem\",\"position\":1,\"name\":\"Anasayfa\",\"item\":\"https:\/\/izmirkadinhastaliklari.com\/\"},{\"@type\":\"ListItem\",\"position\":2,\"name\":\"\u041a\u043e\u043c\u043c\u0443\u043d\u0438\u043a\u0430\u0446\u0438\u044f\"}]},{\"@type\":\"WebSite\",\"@id\":\"https:\/\/izmirkadinhastaliklari.com\/#website\",\"url\":\"https:\/\/izmirkadinhastaliklari.com\/\",\"name\":\"\u0130zmir Kad\u0131n Hastal\u0131klar\u0131 | Op. Dr. Banu Sa\u011f\u00f6z\",\"description\":\"\",\"publisher\":{\"@id\":\"https:\/\/izmirkadinhastaliklari.com\/#organization\"},\"potentialAction\":[{\"@type\":\"SearchAction\",\"target\":{\"@type\":\"EntryPoint\",\"urlTemplate\":\"https:\/\/izmirkadinhastaliklari.com\/?s={search_term_string}\"},\"query-input\":{\"@type\":\"PropertyValueSpecification\",\"valueRequired\":true,\"valueName\":\"search_term_string\"}}],\"inLanguage\":\"ar\"},{\"@type\":\"Organization\",\"@id\":\"https:\/\/izmirkadinhastaliklari.com\/#organization\",\"name\":\"\u0130zmir Kad\u0131n Hastal\u0131klar\u0131 | Op. Dr. Banu Sa\u011f\u00f6z\",\"url\":\"https:\/\/izmirkadinhastaliklari.com\/\",\"logo\":{\"@type\":\"ImageObject\",\"inLanguage\":\"ar\",\"@id\":\"https:\/\/izmirkadinhastaliklari.com\/#\/schema\/logo\/image\/\",\"url\":\"https:\/\/izmirkadinhastaliklari.com\/wp-content\/uploads\/2024\/10\/banu-sagsoz-logo1.png\",\"contentUrl\":\"https:\/\/izmirkadinhastaliklari.com\/wp-content\/uploads\/2024\/10\/banu-sagsoz-logo1.png\",\"width\":300,\"height\":78,\"caption\":\"\u0130zmir Kad\u0131n Hastal\u0131klar\u0131 | Op. Dr. Banu Sa\u011f\u00f6z\"},\"image\":{\"@id\":\"https:\/\/izmirkadinhastaliklari.com\/#\/schema\/logo\/image\/\"}}]}<\/script>\n<!-- \/ Yoast SEO plugin. -->","yoast_head_json":{"title":"\u062a\u0648\u0627\u0635\u0644 - \u0130zmir Kad\u0131n Hastal\u0131klar\u0131 | Op. Dr. Banu Sa\u011f\u00f6z","robots":{"index":"index","follow":"follow","max-snippet":"max-snippet:-1","max-image-preview":"max-image-preview:large","max-video-preview":"max-video-preview:-1"},"canonical":"https:\/\/izmirkadinhastaliklari.com\/ar\/iletisim\/","og_locale":"ar_AR","og_type":"article","og_title":"[:tr]\u0130leti\u015fim[:en]Contact[:ru]\u041a\u043e\u043c\u043c\u0443\u043d\u0438\u043a\u0430\u0446\u0438\u044f[:ar]\u062a\u0648\u0627\u0635\u0644[:] - \u0130zmir Kad\u0131n Hastal\u0131klar\u0131 | Op. Dr. Banu Sa\u011f\u00f6z","og_description":"[vc_row][vc_column width=&#8221;1\/2&#8243;][vc_text_separator title=&#8221;\u0645\u0639\u0644\u0648\u0645\u0627\u062a \u0627\u0644\u0627\u062a\u0635\u0627\u0644 \u0644\u062f\u064a\u0646\u0627&#8221; color=&#8221;black&#8221;][vc_empty_space height=&#8221;10&#8243;][vc_column_text]\u00a01847\/7. Sokak No: 2 D: 2 Yeni Girne, \u0130zmir \u0639\u0646\u0648\u0627\u0646: \u00a00 532 614 33 34 :\u0627\u0644\u0647\u0627\u062a\u0641: \u00a0banusagsoz@hotmail.com :\u0628\u0631\u064a\u062f \u0625\u0644\u0643\u062a\u0631\u0648\u0646\u064a:[\/vc_column_text][vc_empty_space height=&#8221;10&#8243;][vc_empty_space height=&#8221;10&#8243;][vc_single_image image=&#8221;1445&#8243; img_size=&#8221;250*109*&#8221; alignment=&#8221;right&#8221; onclick=&#8221;custom_link&#8221; img_link_target=&#8221;_blank&#8221; link=&#8221;https:\/\/maps.app.goo.gl\/8yu9X8fXx5FV8vF4A&#8221;][\/vc_column][vc_column width=&#8221;1\/2&#8243;][vc_text_separator title=&#8221;\u0627\u062a\u062c\u0627\u0647\u0627\u062a \u0627\u0644\u0639\u0646\u0648\u0627\u0646&#8221; color=&#8221;black&#8221;][vc_gmaps link=&#8221;#E-8_JTNDaWZyYW1lJTIwc3JjJTNEJTIyaHR0cHMlM0ElMkYlMkZ3d3cuZ29vZ2xlLmNvbSUyRm1hcHMlMkZlbWJlZCUzRnBiJTNEJTIxMW0xOCUyMTFtMTIlMjExbTMlMjExZDMxMjMuNTY2NzA0NjU0ODU4OCUyMTJkMjcuMTEyMzg3NTc3MTY3Nzk0JTIxM2QzOC40NzQ1NjM0NzE1NDA1MSUyMTJtMyUyMTFmMCUyMTJmMCUyMTNmMCUyMTNtMiUyMTFpMTAyNCUyMTJpNzY4JTIxNGYxMy4xJTIxM20zJTIxMW0yJTIxMXMweDE0YmJkOWQ3ZjVlYmRkMDMlMjUzQTB4NGE1OGY0NWI0YzIxZDQxMCUyMTJ6eExCNmJXbHlJRXRoWk1TeGJpQkViOFNmZFcwZ1ZYcHRZVzdFc1NCOElFOVFMaUJFVWk0Z1FrRk9WU0JUUWNTZVU4T1dXaUI4SUV2RG5GSlVRVW9nZkNCTFNWcE1TVXNnV2tGU1NTQjhJRXRKVTBsU1RFbExJRlpGSUZURG5GQWdRa1ZDUlVzZ2ZDREVzRnBOeExCU0lFZEZUc1N3VkVGTUlFVlRWRVZVeExCTCUyMTVlMCUyMTNtMiUyMTFzdHIlMjEyc3RyJTIxNHYxNzI2ODY3NzkzNTg0JTIxNW0yJTIxMXN0ciUyMTJzdHIlMjIlMjB3aWR0aCUzRCUyMjYwMCUyMiUyMGhlaWdodCUzRCUyMjQ1MCUyMiUyMHN0eWxlJTNEJTIyYm9yZGVyJTNBMCUzQiUyMiUyMGFsbG93ZnVsbHNjcmVlbiUzRCUyMiUyMiUyMGxvYWRpbmclM0QlMjJsYXp5JTIyJTIwcmVmZXJyZXJwb2xpY3klM0QlMjJuby1yZWZlcnJlci13aGVuLWRvd25ncmFkZSUyMiUzRSUzQyUyRmlmcmFtZSUzRQ==&#8221;][vc_empty_space height=&#8221;10&#8243;][\/vc_column][\/vc_row]","og_url":"https:\/\/izmirkadinhastaliklari.com\/ar\/iletisim\/","og_site_name":"\u0130zmir Kad\u0131n Hastal\u0131klar\u0131 | Op. Dr. Banu Sa\u011f\u00f6z","article_modified_time":"2024-11-14T18:38:30+00:00","twitter_card":"summary_large_image","twitter_misc":{"\u0648\u0642\u062a \u0627\u0644\u0642\u0631\u0627\u0621\u0629 \u0627\u0644\u0645\u064f\u0642\u062f\u0651\u0631":"\u062f\u0642\u064a\u0642\u0629 \u0648\u0627\u062d\u062f\u0629"},"schema":{"@context":"https:\/\/schema.org","@graph":[{"@type":"WebPage","@id":"https:\/\/izmirkadinhastaliklari.com\/ru\/iletisim\/","url":"https:\/\/izmirkadinhastaliklari.com\/ru\/iletisim\/","name":"\u062a\u0648\u0627\u0635\u0644","isPartOf":{"@id":"https:\/\/izmirkadinhastaliklari.com\/#website"},"datePublished":"2024-03-02T06:30:55+00:00","dateModified":"2024-11-14T18:38:30+00:00","breadcrumb":{"@id":"https:\/\/izmirkadinhastaliklari.com\/ru\/iletisim\/#breadcrumb"},"inLanguage":"ar","potentialAction":[{"@type":"ReadAction","target":["https:\/\/izmirkadinhastaliklari.com\/ru\/iletisim\/"]}]},{"@type":"BreadcrumbList","@id":"https:\/\/izmirkadinhastaliklari.com\/ru\/iletisim\/#breadcrumb","itemListElement":[{"@type":"ListItem","position":1,"name":"Anasayfa","item":"https:\/\/izmirkadinhastaliklari.com\/"},{"@type":"ListItem","position":2,"name":"\u041a\u043e\u043c\u043c\u0443\u043d\u0438\u043a\u0430\u0446\u0438\u044f"}]},{"@type":"WebSite","@id":"https:\/\/izmirkadinhastaliklari.com\/#website","url":"https:\/\/izmirkadinhastaliklari.com\/","name":"\u0130zmir Kad\u0131n Hastal\u0131klar\u0131 | Op. Dr. Banu Sa\u011f\u00f6z","description":"","publisher":{"@id":"https:\/\/izmirkadinhastaliklari.com\/#organization"},"potentialAction":[{"@type":"SearchAction","target":{"@type":"EntryPoint","urlTemplate":"https:\/\/izmirkadinhastaliklari.com\/?s={search_term_string}"},"query-input":{"@type":"PropertyValueSpecification","valueRequired":true,"valueName":"search_term_string"}}],"inLanguage":"ar"},{"@type":"Organization","@id":"https:\/\/izmirkadinhastaliklari.com\/#organization","name":"\u0130zmir Kad\u0131n Hastal\u0131klar\u0131 | Op. Dr. Banu Sa\u011f\u00f6z","url":"https:\/\/izmirkadinhastaliklari.com\/","logo":{"@type":"ImageObject","inLanguage":"ar","@id":"https:\/\/izmirkadinhastaliklari.com\/#\/schema\/logo\/image\/","url":"https:\/\/izmirkadinhastaliklari.com\/wp-content\/uploads\/2024\/10\/banu-sagsoz-logo1.png","contentUrl":"https:\/\/izmirkadinhastaliklari.com\/wp-content\/uploads\/2024\/10\/banu-sagsoz-logo1.png","width":300,"height":78,"caption":"\u0130zmir Kad\u0131n Hastal\u0131klar\u0131 | Op. Dr. Banu Sa\u011f\u00f6z"},"image":{"@id":"https:\/\/izmirkadinhastaliklari.com\/#\/schema\/logo\/image\/"}}]}},"_links":{"self":[{"href":"https:\/\/izmirkadinhastaliklari.com\/ar\/wp-json\/wp\/v2\/pages\/1001","targetHints":{"allow":["GET"]}}],"collection":[{"href":"https:\/\/izmirkadinhastaliklari.com\/ar\/wp-json\/wp\/v2\/pages"}],"about":[{"href":"https:\/\/izmirkadinhastaliklari.com\/ar\/wp-json\/wp\/v2\/types\/page"}],"author":[{"embeddable":true,"href":"https:\/\/izmirkadinhastaliklari.com\/ar\/wp-json\/wp\/v2\/users\/1"}],"replies":[{"embeddable":true,"href":"https:\/\/izmirkadinhastaliklari.com\/ar\/wp-json\/wp\/v2\/comments?post=1001"}],"version-history":[{"count":18,"href":"https:\/\/izmirkadinhastaliklari.com\/ar\/wp-json\/wp\/v2\/pages\/1001\/revisions"}],"predecessor-version":[{"id":1450,"href":"https:\/\/izmirkadinhastaliklari.com\/ar\/wp-json\/wp\/v2\/pages\/1001\/revisions\/1450"}],"wp:attachment":[{"href":"https:\/\/izmirkadinhastaliklari.com\/ar\/wp-json\/wp\/v2\/media?parent=1001"}],"curies":[{"name":"wp","href":"https:\/\/api.w.org\/{rel}","templated":true}]}}