{"id":1002,"date":"2024-03-02T06:32:43","date_gmt":"2024-03-02T06:32:43","guid":{"rendered":"https:\/\/izmirkadinhastaliklari.com\/?page_id=1002"},"modified":"2024-11-14T18:25:14","modified_gmt":"2024-11-14T18:25:14","slug":"dr-banu-sagoz-kadin-hastaliklari-uzmani","status":"publish","type":"page","link":"https:\/\/izmirkadinhastaliklari.com\/ar\/dr-banu-sagoz-kadin-hastaliklari-uzmani\/","title":{"rendered":"\u0645\u0639\u0644\u0648\u0645\u0627\u062a \u0639\u0646\u0627"},"content":{"rendered":"<div class=\"wpb-content-wrapper\"><p>[vc_row][vc_column width=&#8221;1\/4&#8243;][vc_empty_space height=&#8221;10&#8243;][vc_single_image image=&#8221;1122&#8243; img_size=&#8221;full&#8221; alignment=&#8221;center&#8221;][vc_empty_space height=&#8221;10&#8243;][\/vc_column][vc_column width=&#8221;3\/4&#8243;][vc_column_text]<\/p>\n<div class=\"wpb_text_column wpb_content_element \">\n<div class=\"wpb_wrapper\">\n<h4><span style=\"color: #000000;\"><strong>Op. Dr. Banu SA\u011eS\u00d6Z<\/strong><\/span><\/h4>\n<p><span style=\"color: #000000;\">DR. BANU SA\u011eS\u00d6Z \u0648\u0644\u062f\u062a \u0641\u064a \u0625\u0633\u0637\u0646\u0628\u0648\u0644 \u0628\u062a\u0627\u0631\u064a\u062e 15\/10\/1968. \u062a\u062e\u0631\u062c\u062a \u0645\u0646 \u0645\u062f\u0631\u0633\u0629 \u0623\u0648\u0633\u0643\u0648\u062f\u0627\u0631 \u0642\u0646\u062f\u064a\u0644\u064a \u0627\u0644\u062b\u0627\u0646\u0648\u064a\u0629 \u0644\u0644\u0628\u0646\u0627\u062a \u0628\u0627\u0644\u0645\u0631\u0643\u0632 \u0627\u0644\u0623\u0648\u0644 \u0639\u0627\u0645 1985. \u0628\u062f\u0623\u062a \u0627\u0644\u062f\u0631\u0627\u0633\u0629 \u0641\u064a \u0643\u0644\u064a\u0629 \u0627\u0644\u0637\u0628 \u0628\u062c\u0627\u0645\u0639\u0629 \u0625\u0633\u0637\u0646\u0628\u0648\u0644 \u0639\u0627\u0645 1985 \u0648\u062a\u062e\u0631\u062c\u062a \u0639\u0627\u0645 1991. \u0628\u064a\u0646 \u0639\u0627\u0645\u064a 1992 \u06481997 \u0639\u0645\u0644 \u0641\u064a \u0642\u0633\u0645 \u0623\u0645\u0631\u0627\u0636 \u0627\u0644\u0646\u0633\u0627\u0621 \u0648\u0627\u0644\u062a\u0648\u0644\u064a\u062f \u0641\u064a \u0645\u0633\u062a\u0634\u0641\u0649 \u0627\u0633\u0637\u0646\u0628\u0648\u0644 \u0634\u064a\u0634\u0644\u064a \u0623\u0648\u0643\u0645\u064a\u062f\u0627\u0646\u0649 SSK. \u0623\u0643\u0645\u0644 \u062a\u062e\u0635\u0635\u0647 \u0641\u064a \u0627\u0644\u0623\u0645\u0631\u0627\u0636 \u0648\u0627\u0644\u062a\u0648\u0644\u064a\u062f \u0641\u064a \u0645\u0633\u062a\u0634\u0641\u0649 \u0627\u0633\u0637\u0646\u0628\u0648\u0644 \u062c\u0648\u0632\u062a\u064a\u0628\u064a \u0627\u0644\u062a\u062f\u0631\u064a\u0628\u064a\u060c \u0628\u0627\u0634\u0627\u0628\u0647\u062c\u0629 \u0639\u0645\u0644 \u0643\u0623\u062e\u0635\u0627\u0626\u064a \u0623\u0645\u0631\u0627\u0636 \u0627\u0644\u0646\u0633\u0627\u0621 \u0648\u0627\u0644\u062a\u0648\u0644\u064a\u062f \u0641\u064a \u0645\u0633\u062a\u0634\u0641\u0649 SSK \u0648\u0645\u0633\u062a\u0648\u0635\u0641 \u0643\u0627\u062f\u064a\u0643\u0648\u064a. \u0639\u0645\u0644 \u0643\u0623\u062e\u0635\u0627\u0626\u064a \u0623\u0645\u0631\u0627\u0636 \u0627\u0644\u0646\u0633\u0627\u0621 \u0648\u0627\u0644\u062a\u0648\u0644\u064a\u062f \u0641\u064a \u0627\u0644\u0639\u062f\u064a\u062f \u0645\u0646 \u0627\u0644\u0645\u0633\u062a\u0634\u0641\u064a\u0627\u062a \u0627\u0644\u062e\u0627\u0635\u0629 \u0641\u064a \u0625\u0633\u0637\u0646\u0628\u0648\u0644\u060c \u0648\u0643\u0627\u0646 \u064a\u0639\u0645\u0644 \u0643\u0623\u062e\u0635\u0627\u0626\u064a \u0623\u0645\u0631\u0627\u0636 \u0627\u0644\u0646\u0633\u0627\u0621 \u0648\u0627\u0644\u062a\u0648\u0644\u064a\u062f \u0641\u064a \u0639\u064a\u0627\u062f\u062a\u0647 \u0627\u0644\u062e\u0627\u0635\u0629 \u0641\u064a \u0625\u0632\u0645\u064a\u0631 \u0644\u0645\u062f\u0629 20 \u0639\u0627\u0645\u064b\u0627. \u0623\u062c\u0631\u0649 \u0627\u0644\u0639\u0645\u0644\u064a\u0627\u062a \u0627\u0644\u062c\u0631\u0627\u062d\u064a\u0629 \u0648\u0627\u0644\u0648\u0644\u0627\u062f\u0627\u062a \u0641\u064a \u0645\u0633\u062a\u0634\u0641\u0649 \u0625\u064a\u062c\u064a\u0634\u0647\u064a\u0631 \u0627\u0644\u062e\u0627\u0635 \u0641\u064a \u0625\u0632\u0645\u064a\u0631\u060c \u0648\u0645\u0633\u062a\u0634\u0641\u0649 \u062c\u0648\u0632\u062f\u064a \u0627\u0644\u062e\u0627\u0635\u060c \u0648\u0645\u0633\u062a\u0634\u0641\u0649 \u0628\u0648\u0631\u0646\u0648\u0641\u0627 \u0622\u062a\u0627 \u0627\u0644\u0635\u062d\u064a \u0627\u0644\u062e\u0627\u0635\u060c \u0648\u0645\u0633\u062a\u0634\u0641\u0649 \u0645\u064a\u062f\u064a\u0643\u0627\u0644 \u0628\u0627\u0631\u0643 \u0627\u0644\u062e\u0627\u0635 \u0641\u064a \u0639\u0627\u0645 2018\u060c \u0641\u064a \u0623\u0645\u0631\u0627\u0636 \u0627\u0644\u0646\u0633\u0627\u0621 \u0648\u0627\u0644\u0648\u0644\u0627\u062f\u0629 \u0648\u0627\u0644\u0639\u0642\u0645 \u0648\u0627\u0644\u062a\u062e\u0635\u064a\u0628 \u062e\u0627\u0631\u062c \u0627\u0644\u0631\u062d\u0645 \u0623\u0643\u0645\u0644\u062a \u062a\u0639\u0644\u064a\u0645\u0647\u0627 \u0641\u064a \u0627\u0644\u0642\u0633\u0645 \u0648\u062d\u0635\u0644\u062a \u0639\u0644\u0649 \u0644\u0642\u0628 \u0627\u0644\u0625\u062e\u0635\u0627\u0628 \u062e\u0627\u0631\u062c \u0627\u0644\u0631\u062d\u0645\u060c \u0648\u0647\u064a \u062a\u0639\u0645\u0644 \u062d\u0627\u0644\u064a\u064b\u0627 \u0643\u0623\u062e\u0635\u0627\u0626\u064a\u0629 \u0641\u064a \u0623\u0645\u0631\u0627\u0636 \u0627\u0644\u0646\u0633\u0627\u0621 \u0648\u0627\u0644\u062a\u0648\u0644\u064a\u062f \u0648\u0627\u0644\u062a\u062e\u0635\u064a\u0628 \u062e\u0627\u0631\u062c \u0627\u0644\u0631\u062d\u0645 \u0641\u064a \u0645\u0643\u062a\u0628\u0647\u0627 \u0641\u064a \u0643\u0627\u0631\u0634\u064a\u0627\u0643\u0627.<\/span><\/p>\n<\/div>\n<\/div>\n<p>[\/vc_column_text][vc_empty_space height=&#8221;10&#8243;][vc_empty_space height=&#8221;10&#8243;][\/vc_column][\/vc_row]<\/p>\n<\/div>","protected":false},"excerpt":{"rendered":"<p>[vc_row][vc_column width=&#8221;1\/4&#8243;][vc_empty_space height=&#8221;10&#8243;][vc_single_image image=&#8221;1122&#8243; img_size=&#8221;full&#8221; alignment=&#8221;center&#8221;][vc_empty_space height=&#8221;10&#8243;][\/vc_column][vc_column width=&#8221;3\/4&#8243;][vc_column_text] Op. Dr. Banu SA\u011eS\u00d6Z DR. BANU SA\u011eS\u00d6Z \u0648\u0644\u062f\u062a \u0641\u064a \u0625\u0633\u0637\u0646\u0628\u0648\u0644 \u0628\u062a\u0627\u0631\u064a\u062e 15\/10\/1968. \u062a\u062e\u0631\u062c\u062a \u0645\u0646 \u0645\u062f\u0631\u0633\u0629 \u0623\u0648\u0633\u0643\u0648\u062f\u0627\u0631 \u0642\u0646\u062f\u064a\u0644\u064a \u0627\u0644\u062b\u0627\u0646\u0648\u064a\u0629 \u0644\u0644\u0628\u0646\u0627\u062a \u0628\u0627\u0644\u0645\u0631\u0643\u0632 \u0627\u0644\u0623\u0648\u0644 \u0639\u0627\u0645 1985. \u0628\u062f\u0623\u062a \u0627\u0644\u062f\u0631\u0627\u0633\u0629 \u0641\u064a \u0643\u0644\u064a\u0629 \u0627\u0644\u0637\u0628 \u0628\u062c\u0627\u0645\u0639\u0629 \u0625\u0633\u0637\u0646\u0628\u0648\u0644 \u0639\u0627\u0645 1985 \u0648\u062a\u062e\u0631\u062c\u062a \u0639\u0627\u0645 1991. \u0628\u064a\u0646 \u0639\u0627\u0645\u064a 1992 \u06481997 \u0639\u0645\u0644 \u0641\u064a \u0642\u0633\u0645 \u0623\u0645\u0631\u0627\u0636 \u0627\u0644\u0646\u0633\u0627\u0621 \u0648\u0627\u0644\u062a\u0648\u0644\u064a\u062f \u0641\u064a \u0645\u0633\u062a\u0634\u0641\u0649 [&hellip;]<\/p>\n","protected":false},"author":1,"featured_media":0,"parent":0,"menu_order":0,"comment_status":"closed","ping_status":"closed","template":"","meta":{"footnotes":""},"class_list":["post-1002","page","type-page","status-publish","hentry"],"_links":{"self":[{"href":"https:\/\/izmirkadinhastaliklari.com\/ar\/wp-json\/wp\/v2\/pages\/1002","targetHints":{"allow":["GET"]}}],"collection":[{"href":"https:\/\/izmirkadinhastaliklari.com\/ar\/wp-json\/wp\/v2\/pages"}],"about":[{"href":"https:\/\/izmirkadinhastaliklari.com\/ar\/wp-json\/wp\/v2\/types\/page"}],"author":[{"embeddable":true,"href":"https:\/\/izmirkadinhastaliklari.com\/ar\/wp-json\/wp\/v2\/users\/1"}],"replies":[{"embeddable":true,"href":"https:\/\/izmirkadinhastaliklari.com\/ar\/wp-json\/wp\/v2\/comments?post=1002"}],"version-history":[{"count":10,"href":"https:\/\/izmirkadinhastaliklari.com\/ar\/wp-json\/wp\/v2\/pages\/1002\/revisions"}],"predecessor-version":[{"id":1434,"href":"https:\/\/izmirkadinhastaliklari.com\/ar\/wp-json\/wp\/v2\/pages\/1002\/revisions\/1434"}],"wp:attachment":[{"href":"https:\/\/izmirkadinhastaliklari.com\/ar\/wp-json\/wp\/v2\/media?parent=1002"}],"curies":[{"name":"wp","href":"https:\/\/api.w.org\/{rel}","templated":true}]}}